{"id":2119,"date":"2022-11-10T12:06:15","date_gmt":"2022-11-10T12:06:15","guid":{"rendered":"http:\/\/box2389.temp.domains\/~childsbr\/enforcementconductboard\/?page_id=2119"},"modified":"2025-07-08T20:18:25","modified_gmt":"2025-07-08T20:18:25","slug":"cookie-policy","status":"publish","type":"page","link":"https:\/\/enforcementconductboard.org\/cy\/cookie-policy\/","title":{"rendered":"Cookie policy"},"content":{"rendered":"<div data-elementor-type=\"wp-page\" data-elementor-id=\"2119\" class=\"elementor elementor-2119\" data-elementor-post-type=\"page\">\n\t\t\t\t\t\t<section data-particle_enable=\"false\" data-particle-mobile-disabled=\"false\" class=\"elementor-section elementor-top-section elementor-element elementor-element-5a947f40 elementor-section-boxed elementor-section-height-default elementor-section-height-default\" data-id=\"5a947f40\" data-element_type=\"section\" data-e-type=\"section\">\n\t\t\t\t\t\t<div class=\"elementor-container elementor-column-gap-default\">\n\t\t\t\t\t<div class=\"elementor-column elementor-col-100 elementor-top-column elementor-element elementor-element-52b014de\" data-id=\"52b014de\" data-element_type=\"column\" data-e-type=\"column\">\n\t\t\t<div class=\"elementor-widget-wrap elementor-element-populated\">\n\t\t\t\t\t\t<div class=\"elementor-element elementor-element-d6d97ea elementor-widget elementor-widget-text-editor\" data-id=\"d6d97ea\" data-element_type=\"widget\" data-e-type=\"widget\" data-widget_type=\"text-editor.default\">\n\t\t\t\t<div class=\"elementor-widget-container\">\n\t\t\t\t\t\t\t\t\t<h2><strong>Polisi Cwcis<\/strong><\/h2><p>Dyddiad dod i rym: 10 Tachwedd 2022<br \/>Wedi'i ddiweddaru ddiwethaf: 10 Tachwedd 2022<\/p><p><br \/><strong>Beth yw cwcis?<\/strong><br \/>Mae\u2019r Polisi Cwcis hwn yn egluro beth yw cwcis a sut rydym yn eu defnyddio, y mathau o gwcis a ddefnyddiwn h.y. y wybodaeth a gasglwn gan ddefnyddio cwcis a sut y defnyddir y wybodaeth honno, a sut i reoli\u2019r gosodiadau cwcis.<br \/><br \/>Ffeiliau testun bach yw cwcis a ddefnyddir i storio darnau bach o wybodaeth. Maent yn cael eu storio ar eich dyfais pan fydd y wefan yn cael ei llwytho ar eich porwr. Mae'r cwcis hyn yn ein helpu i wneud i'r wefan weithio'n iawn, ei gwneud yn fwy diogel, darparu gwell profiad i ddefnyddwyr, a deall sut mae'r wefan yn perfformio ac i ddadansoddi beth sy'n gweithio a lle mae angen ei gwella.<br \/><br \/><strong>Sut ydyn ni'n defnyddio cwcis?<\/strong><br \/>Fel y rhan fwyaf o gwasanaethau ar-lein, mae ein gwefan yn defnyddio cwcis parti cyntaf a thrydydd parti at sawl diben.<br \/><br \/>Mae cwcis parti cyntaf yn angenrheidiol ar y cyfan er mwyn i'r wefan weithredu yn y ffordd gywir, ac nid ydynt yn casglu dim o'ch data personol adnabyddadwy.<br \/><br \/>Mae'r cwcis trydydd parti a ddefnyddir ar ein gwefan yn bennaf ar gyfer deall sut mae'r wefan yn perfformio, sut rydych chi'n rhyngweithio \u00e2'n gwefan, cadw ein gwasanaethau'n ddiogel gan ddarparu profiad defnyddiwr gwell i chi a helpu i gyflymu eich rhyngweithio \u00e2'n gwefan yn y dyfodol.<br \/><br \/><strong>Rheoli dewisiadau cwcis<\/strong><br \/>Gallwch newid eich dewisiadau cwci unrhyw bryd trwy glicio ar y botwm sydd ar waelod chwith y sgrin. Bydd hyn yn gadael i chi ailedrych ar y faner caniat\u00e2d cwci a newid eich dewisiadau neu dynnu eich caniat\u00e2d yn \u00f4l ar unwaith.<br \/><br \/>Yn ogystal \u00e2 hyn, mae gwahanol borwyr yn darparu gwahanol ddulliau o rwystro a dileu cwcis a ddefnyddir gan wefannau. Gallwch newid gosodiadau eich porwr i rwystro\/dileu'r cwcis. Rhestrir isod y dolenni i'r dogfennau cymorth ar sut i reoli a dileu cwcis o'r prif borwyr gwe.<br \/><br \/>Chrome: <a href=\"https:\/\/support.google.com\/accounts\/answer\/32050\" target=\"_blank\" rel=\"noopener\">https:\/\/support.google.com\/accounts\/answer\/32050<\/a><\/p><p><br \/>Safari: <a href=\"https:\/\/support.apple.com\/en-in\/guide\/safari\/sfri11471\/mac\" target=\"_blank\" rel=\"noopener\">https:\/\/support.apple.com\/en-in\/guide\/safari\/sfri11471\/mac<\/a><\/p><p><br \/>Firefox: <a href=\"https:\/\/support.mozilla.org\/en-US\/kb\/clear-cookies-and-site-data-firefox?redirectslug=delete-cookies-remove-info-websites-stored&amp;redirectlocale=en-US\" target=\"_blank\" rel=\"noopener\">https:\/\/support.mozilla.org\/en-US\/kb\/clear-cookies-and-site-data-firefox?redirectslug=delete-cookies-remove-info-websites-stored&amp;redirectlocale=en-US<\/a><\/p><p><br \/>Internet Explorer: <a href=\"https:\/\/support.microsoft.com\/en-us\/topic\/how-to-delete-cookie-files-in-internet-explorer-bca9446f-d873-78de-77ba-d42645fa52fc\" target=\"_blank\" rel=\"noopener\">https:\/\/support.microsoft.com\/en-us\/topic\/how-to-delete-cookie-files-in-internet-explorer-bca9446f-d873-78de-77ba-d42645fa52fc<\/a><\/p><p><br \/>Os ydych yn defnyddio unrhyw borwr gwe arall, ewch i ddogfennau cymorth swyddogol eich porwr.<\/p>\t\t\t\t\t\t\t\t<\/div>\n\t\t\t\t<\/div>\n\t\t\t\t\t<\/div>\n\t\t<\/div>\n\t\t\t\t\t<\/div>\n\t\t<\/section>\n\t\t\t\t<\/div>","protected":false},"excerpt":{"rendered":"<p>Cookie Policy Effective Date: 15-Nov-2022Last Updated: 15-Nov-2022 What are cookies?This Cookie Policy explains what cookies are and how we use them, the types of cookies we use i.e, the information we collect using cookies and how that information is used, and how to manage the cookie settings. Cookies are small text files that are used [&hellip;]<\/p>\n","protected":false},"author":3,"featured_media":0,"parent":0,"menu_order":0,"comment_status":"closed","ping_status":"closed","template":"","meta":{"om_disable_all_campaigns":false,"_uf_show_specific_survey":0,"_uf_disable_surveys":false,"footnotes":""},"class_list":["post-2119","page","type-page","status-publish","hentry"],"yoast_head":"<!-- This site is optimized with the Yoast SEO Premium plugin v25.4 (Yoast SEO v27.3) - https:\/\/yoast.com\/product\/yoast-seo-premium-wordpress\/ -->\n<title>Cookie policy - enforcementconductboard<\/title>\n<meta name=\"robots\" content=\"index, follow, max-snippet:-1, max-image-preview:large, max-video-preview:-1\" \/>\n<link rel=\"canonical\" href=\"https:\/\/enforcementconductboard.org\/cy\/cookie-policy\/\" \/>\n<meta property=\"og:locale\" content=\"en_US\" \/>\n<meta property=\"og:type\" content=\"article\" \/>\n<meta property=\"og:title\" content=\"Cookie policy\" \/>\n<meta property=\"og:description\" content=\"Cookie Policy Effective Date: 15-Nov-2022Last Updated: 15-Nov-2022 What are cookies?This Cookie Policy explains what cookies are and how we use them, the types of cookies we use i.e, the information we collect using cookies and how that information is used, and how to manage the cookie settings. Cookies are small text files that are used [&hellip;]\" \/>\n<meta property=\"og:url\" content=\"https:\/\/enforcementconductboard.org\/cy\/cookie-policy\/\" \/>\n<meta property=\"og:site_name\" content=\"enforcementconductboard\" \/>\n<meta property=\"article:modified_time\" content=\"2025-07-08T20:18:25+00:00\" \/>\n<meta property=\"og:image\" content=\"https:\/\/enforcementconductboard.org\/wp-content\/uploads\/2022\/10\/Bailiff-at-door.jpg\" \/>\n\t<meta property=\"og:image:width\" content=\"1200\" \/>\n\t<meta property=\"og:image:height\" content=\"800\" \/>\n\t<meta property=\"og:image:type\" content=\"image\/jpeg\" \/>\n<meta name=\"twitter:card\" content=\"summary_large_image\" \/>\n<meta name=\"twitter:site\" content=\"@ec_board\" \/>\n<meta name=\"twitter:label1\" content=\"Est. reading time\" \/>\n\t<meta name=\"twitter:data1\" content=\"2 minutes\" \/>\n<script type=\"application\/ld+json\" class=\"yoast-schema-graph\">{\"@context\":\"https:\\\/\\\/schema.org\",\"@graph\":[{\"@type\":\"WebPage\",\"@id\":\"https:\\\/\\\/enforcementconductboard.org\\\/cookie-policy\\\/\",\"url\":\"https:\\\/\\\/enforcementconductboard.org\\\/cookie-policy\\\/\",\"name\":\"Cookie policy - enforcementconductboard\",\"isPartOf\":{\"@id\":\"https:\\\/\\\/enforcementconductboard.org\\\/#website\"},\"datePublished\":\"2022-11-10T12:06:15+00:00\",\"dateModified\":\"2025-07-08T20:18:25+00:00\",\"breadcrumb\":{\"@id\":\"https:\\\/\\\/enforcementconductboard.org\\\/cookie-policy\\\/#breadcrumb\"},\"inLanguage\":\"cy\",\"potentialAction\":[{\"@type\":\"ReadAction\",\"target\":[\"https:\\\/\\\/enforcementconductboard.org\\\/cookie-policy\\\/\"]}]},{\"@type\":\"BreadcrumbList\",\"@id\":\"https:\\\/\\\/enforcementconductboard.org\\\/cookie-policy\\\/#breadcrumb\",\"itemListElement\":[{\"@type\":\"ListItem\",\"position\":1,\"name\":\"Home\",\"item\":\"https:\\\/\\\/enforcementconductboard.org\\\/\"},{\"@type\":\"ListItem\",\"position\":2,\"name\":\"Cookie policy\"}]},{\"@type\":\"WebSite\",\"@id\":\"https:\\\/\\\/enforcementconductboard.org\\\/#website\",\"url\":\"https:\\\/\\\/enforcementconductboard.org\\\/\",\"name\":\"enforcementconductboard\",\"description\":\"\",\"publisher\":{\"@id\":\"https:\\\/\\\/enforcementconductboard.org\\\/#organization\"},\"potentialAction\":[{\"@type\":\"SearchAction\",\"target\":{\"@type\":\"EntryPoint\",\"urlTemplate\":\"https:\\\/\\\/enforcementconductboard.org\\\/?s={search_term_string}\"},\"query-input\":{\"@type\":\"PropertyValueSpecification\",\"valueRequired\":true,\"valueName\":\"search_term_string\"}}],\"inLanguage\":\"cy\"},{\"@type\":\"Organization\",\"@id\":\"https:\\\/\\\/enforcementconductboard.org\\\/#organization\",\"name\":\"enforcementconductboard\",\"url\":\"https:\\\/\\\/enforcementconductboard.org\\\/\",\"logo\":{\"@type\":\"ImageObject\",\"inLanguage\":\"cy\",\"@id\":\"https:\\\/\\\/enforcementconductboard.org\\\/#\\\/schema\\\/logo\\\/image\\\/\",\"url\":\"https:\\\/\\\/i0.wp.com\\\/enforcementconductboard.org\\\/wp-content\\\/uploads\\\/2022\\\/09\\\/ECB_Col_Logo.png?fit=1370%2C425&ssl=1\",\"contentUrl\":\"https:\\\/\\\/i0.wp.com\\\/enforcementconductboard.org\\\/wp-content\\\/uploads\\\/2022\\\/09\\\/ECB_Col_Logo.png?fit=1370%2C425&ssl=1\",\"width\":1370,\"height\":425,\"caption\":\"enforcementconductboard\"},\"image\":{\"@id\":\"https:\\\/\\\/enforcementconductboard.org\\\/#\\\/schema\\\/logo\\\/image\\\/\"},\"sameAs\":[\"https:\\\/\\\/x.com\\\/ec_board\"]}]}<\/script>\n<!-- \/ Yoast SEO Premium plugin. -->","yoast_head_json":{"title":"Cookie policy - enforcementconductboard","robots":{"index":"index","follow":"follow","max-snippet":"max-snippet:-1","max-image-preview":"max-image-preview:large","max-video-preview":"max-video-preview:-1"},"canonical":"https:\/\/enforcementconductboard.org\/cy\/cookie-policy\/","og_locale":"en_US","og_type":"article","og_title":"Cookie policy","og_description":"Cookie Policy Effective Date: 15-Nov-2022Last Updated: 15-Nov-2022 What are cookies?This Cookie Policy explains what cookies are and how we use them, the types of cookies we use i.e, the information we collect using cookies and how that information is used, and how to manage the cookie settings. Cookies are small text files that are used [&hellip;]","og_url":"https:\/\/enforcementconductboard.org\/cy\/cookie-policy\/","og_site_name":"enforcementconductboard","article_modified_time":"2025-07-08T20:18:25+00:00","og_image":[{"width":1200,"height":800,"url":"https:\/\/enforcementconductboard.org\/wp-content\/uploads\/2022\/10\/Bailiff-at-door.jpg","type":"image\/jpeg"}],"twitter_card":"summary_large_image","twitter_site":"@ec_board","twitter_misc":{"Est. reading time":"2 minutes"},"schema":{"@context":"https:\/\/schema.org","@graph":[{"@type":"WebPage","@id":"https:\/\/enforcementconductboard.org\/cookie-policy\/","url":"https:\/\/enforcementconductboard.org\/cookie-policy\/","name":"Cookie policy - enforcementconductboard","isPartOf":{"@id":"https:\/\/enforcementconductboard.org\/#website"},"datePublished":"2022-11-10T12:06:15+00:00","dateModified":"2025-07-08T20:18:25+00:00","breadcrumb":{"@id":"https:\/\/enforcementconductboard.org\/cookie-policy\/#breadcrumb"},"inLanguage":"cy","potentialAction":[{"@type":"ReadAction","target":["https:\/\/enforcementconductboard.org\/cookie-policy\/"]}]},{"@type":"BreadcrumbList","@id":"https:\/\/enforcementconductboard.org\/cookie-policy\/#breadcrumb","itemListElement":[{"@type":"ListItem","position":1,"name":"Home","item":"https:\/\/enforcementconductboard.org\/"},{"@type":"ListItem","position":2,"name":"Cookie policy"}]},{"@type":"WebSite","@id":"https:\/\/enforcementconductboard.org\/#website","url":"https:\/\/enforcementconductboard.org\/","name":"bwrdd ymddygiad gorfodi","description":"","publisher":{"@id":"https:\/\/enforcementconductboard.org\/#organization"},"potentialAction":[{"@type":"SearchAction","target":{"@type":"EntryPoint","urlTemplate":"https:\/\/enforcementconductboard.org\/?s={search_term_string}"},"query-input":{"@type":"PropertyValueSpecification","valueRequired":true,"valueName":"search_term_string"}}],"inLanguage":"cy"},{"@type":"Organization","@id":"https:\/\/enforcementconductboard.org\/#organization","name":"bwrdd ymddygiad gorfodi","url":"https:\/\/enforcementconductboard.org\/","logo":{"@type":"ImageObject","inLanguage":"cy","@id":"https:\/\/enforcementconductboard.org\/#\/schema\/logo\/image\/","url":"https:\/\/i0.wp.com\/enforcementconductboard.org\/wp-content\/uploads\/2022\/09\/ECB_Col_Logo.png?fit=1370%2C425&ssl=1","contentUrl":"https:\/\/i0.wp.com\/enforcementconductboard.org\/wp-content\/uploads\/2022\/09\/ECB_Col_Logo.png?fit=1370%2C425&ssl=1","width":1370,"height":425,"caption":"enforcementconductboard"},"image":{"@id":"https:\/\/enforcementconductboard.org\/#\/schema\/logo\/image\/"},"sameAs":["https:\/\/x.com\/ec_board"]}]}},"_links":{"self":[{"href":"https:\/\/enforcementconductboard.org\/cy\/wp-json\/wp\/v2\/pages\/2119","targetHints":{"allow":["GET"]}}],"collection":[{"href":"https:\/\/enforcementconductboard.org\/cy\/wp-json\/wp\/v2\/pages"}],"about":[{"href":"https:\/\/enforcementconductboard.org\/cy\/wp-json\/wp\/v2\/types\/page"}],"author":[{"embeddable":true,"href":"https:\/\/enforcementconductboard.org\/cy\/wp-json\/wp\/v2\/users\/3"}],"replies":[{"embeddable":true,"href":"https:\/\/enforcementconductboard.org\/cy\/wp-json\/wp\/v2\/comments?post=2119"}],"version-history":[{"count":0,"href":"https:\/\/enforcementconductboard.org\/cy\/wp-json\/wp\/v2\/pages\/2119\/revisions"}],"wp:attachment":[{"href":"https:\/\/enforcementconductboard.org\/cy\/wp-json\/wp\/v2\/media?parent=2119"}],"curies":[{"name":"wp","href":"https:\/\/api.w.org\/{rel}","templated":true}]}}