{"id":311,"date":"2022-09-27T18:41:41","date_gmt":"2022-09-27T18:41:41","guid":{"rendered":"http:\/\/box2389.temp.domains\/~childsbr\/enforcementconductboard\/who-we-are\/"},"modified":"2023-09-07T08:06:48","modified_gmt":"2023-09-07T08:06:48","slug":"about-us","status":"publish","type":"page","link":"https:\/\/enforcementconductboard.org\/cy\/about-us\/","title":{"rendered":"Amdanom ni"},"content":{"rendered":"<div data-elementor-type=\"wp-page\" data-elementor-id=\"311\" class=\"elementor elementor-311\" data-elementor-post-type=\"page\">\n\t\t\t\t\t\t<section data-particle_enable=\"false\" data-particle-mobile-disabled=\"false\" class=\"elementor-section elementor-top-section elementor-element elementor-element-58de2ba3 elementor-section-height-min-height elementor-section-items-stretch elementor-section-content-middle elementor-section-full_width elementor-reverse-mobile elementor-reverse-tablet elementor-section-height-default\" data-id=\"58de2ba3\" data-element_type=\"section\" data-e-type=\"section\" data-settings=\"{&quot;background_background&quot;:&quot;classic&quot;}\">\n\t\t\t\t\t\t<div class=\"elementor-container elementor-column-gap-no\">\n\t\t\t\t\t<div class=\"elementor-column elementor-col-100 elementor-top-column elementor-element elementor-element-2ffc8790\" data-id=\"2ffc8790\" data-element_type=\"column\" data-e-type=\"column\" data-settings=\"{&quot;background_background&quot;:&quot;classic&quot;}\">\n\t\t\t<div class=\"elementor-widget-wrap elementor-element-populated\">\n\t\t\t\t\t\t<div class=\"elementor-element elementor-element-6789224a elementor-widget-divider--view-line elementor-invisible elementor-widget elementor-widget-divider\" data-id=\"6789224a\" data-element_type=\"widget\" data-e-type=\"widget\" data-settings=\"{&quot;_animation&quot;:&quot;fadeInUp&quot;}\" data-widget_type=\"divider.default\">\n\t\t\t\t<div class=\"elementor-widget-container\">\n\t\t\t\t\t\t\t<div class=\"elementor-divider\">\n\t\t\t<span class=\"elementor-divider-separator\">\n\t\t\t\t\t\t<\/span>\n\t\t<\/div>\n\t\t\t\t\t\t<\/div>\n\t\t\t\t<\/div>\n\t\t\t\t<div class=\"elementor-element elementor-element-5669951 elementor-widget elementor-widget-heading\" data-id=\"5669951\" data-element_type=\"widget\" data-e-type=\"widget\" data-widget_type=\"heading.default\">\n\t\t\t\t<div class=\"elementor-widget-container\">\n\t\t\t\t\t<h1 class=\"elementor-heading-title elementor-size-default\">Amdanom ni<\/h1>\t\t\t\t<\/div>\n\t\t\t\t<\/div>\n\t\t\t\t<div class=\"elementor-element elementor-element-2936110 elementor-widget elementor-widget-text-editor\" data-id=\"2936110\" data-element_type=\"widget\" data-e-type=\"widget\" data-widget_type=\"text-editor.default\">\n\t\t\t\t<div class=\"elementor-widget-container\">\n\t\t\t\t\t\t\t\t\t<p>Diben y Bwrdd Ymddygiad Gorfodi (ECB) yw sicrhau bod pawb sy\u2019n destun camau gorfodi yng Nghymru a Lloegr yn cael eu trin yn deg.<\/p><p>Bydd yr ECB yn darparu arolygiaeth annibynnol o\u2019r diwydiant gorfodi, gan roi sylw arbennig i\u2019r rhai sy\u2019n profi anawsterau ariannol neu amgylchiadau bregus eraill.<\/p><p>Hyd yn hyn, ni fu unrhyw arolygiaeth annibynnol o'r diwydiant gorfodi. <a href=\"https:\/\/www.gov.uk\/government\/publications\/bailiffs-and-enforcement-agents-national-standards\">Safonau gofynnol<\/a>, a gyhoeddwyd gan y Weinyddiaeth Gyfiawnder, yn disgwyl i asiantau gorfodi drin y rhai sydd mewn dyled yn deg, ond nid yw\u2019r safonau hyn yn gyfreithiol rwymol.<\/p>\t\t\t\t\t\t\t\t<\/div>\n\t\t\t\t<\/div>\n\t\t\t\t\t<\/div>\n\t\t<\/div>\n\t\t\t\t\t<\/div>\n\t\t<\/section>\n\t\t\t\t<section data-particle_enable=\"false\" data-particle-mobile-disabled=\"false\" class=\"elementor-section elementor-top-section elementor-element elementor-element-20860da elementor-section-full_width elementor-section-height-default elementor-section-height-default\" data-id=\"20860da\" data-element_type=\"section\" data-e-type=\"section\" data-settings=\"{&quot;background_background&quot;:&quot;classic&quot;}\">\n\t\t\t\t\t\t<div class=\"elementor-container elementor-column-gap-no\">\n\t\t\t\t\t<div class=\"elementor-column elementor-col-100 elementor-top-column elementor-element elementor-element-cc12a54\" data-id=\"cc12a54\" data-element_type=\"column\" data-e-type=\"column\" data-settings=\"{&quot;background_background&quot;:&quot;classic&quot;}\">\n\t\t\t<div class=\"elementor-widget-wrap elementor-element-populated\">\n\t\t\t\t\t\t<div class=\"elementor-element elementor-element-32d6c36 elementor-widget elementor-widget-heading\" data-id=\"32d6c36\" data-element_type=\"widget\" data-e-type=\"widget\" data-widget_type=\"heading.default\">\n\t\t\t\t<div class=\"elementor-widget-container\">\n\t\t\t\t\t<h2 class=\"elementor-heading-title elementor-size-default\">Bydd yr ECB yn cael ei arwain gan egwyddorion annibyniaeth, uchelgais, cymesuredd, cydweithredu a thryloywder, a bydd yn canolbwyntio ar gyflawni pum swyddogaeth allweddol:<\/h2>\t\t\t\t<\/div>\n\t\t\t\t<\/div>\n\t\t\t\t<div class=\"elementor-element elementor-element-d36b1d1 elementor-align-start elementor-tablet-align-start elementor-icon-list--layout-traditional elementor-list-item-link-full_width elementor-widget elementor-widget-icon-list\" data-id=\"d36b1d1\" data-element_type=\"widget\" data-e-type=\"widget\" data-widget_type=\"icon-list.default\">\n\t\t\t\t<div class=\"elementor-widget-container\">\n\t\t\t\t\t\t\t<ul class=\"elementor-icon-list-items\">\n\t\t\t\t\t\t\t<li class=\"elementor-icon-list-item\">\n\t\t\t\t\t\t\t\t\t\t\t<span class=\"elementor-icon-list-icon\">\n\t\t\t\t\t\t\t<i aria-hidden=\"true\" class=\"fas fa-chevron-circle-right\"><\/i>\t\t\t\t\t\t<\/span>\n\t\t\t\t\t\t\t\t\t\t<span class=\"elementor-icon-list-text\">Codi safonau - gosod safonau ymddygiad effeithiol newydd a goruchwylio perfformiad ac ymddygiad yn y diwydiant.<\/span>\n\t\t\t\t\t\t\t\t\t<\/li>\n\t\t\t\t\t\t\t\t<li class=\"elementor-icon-list-item\">\n\t\t\t\t\t\t\t\t\t\t\t<span class=\"elementor-icon-list-icon\">\n\t\t\t\t\t\t\t<i aria-hidden=\"true\" class=\"fas fa-chevron-circle-right\"><\/i>\t\t\t\t\t\t<\/span>\n\t\t\t\t\t\t\t\t\t\t<span class=\"elementor-icon-list-text\">Gwella atebolrwydd - dal cwmn\u00efau gorfodi ac asiantau i gyfrif, yn bennaf trwy weithgareddau goruchwylio megis archwiliadau, adolygiadau o bolis\u00efau a gweithdrefnau cwmn\u00efau, cydymffurfiaeth a chwynion, ymchwil annibynnol, a system gadarn a theg o sancsiynau gweithredol ac ariannol i gosbi a digalonni\u2019n gryf. diffyg cydymffurfio \u00e2 safonau ECB.<\/span>\n\t\t\t\t\t\t\t\t\t<\/li>\n\t\t\t\t\t\t\t\t<li class=\"elementor-icon-list-item\">\n\t\t\t\t\t\t\t\t\t\t\t<span class=\"elementor-icon-list-icon\">\n\t\t\t\t\t\t\t<i aria-hidden=\"true\" class=\"fas fa-chevron-circle-right\"><\/i>\t\t\t\t\t\t<\/span>\n\t\t\t\t\t\t\t\t\t\t<span class=\"elementor-icon-list-text\">Delio \u00e2 chwynion - datblygu a chyflwyno proses gwyno safonol newydd mewn ymgynghoriad ag amrywiol bwyntiau cyswllt presennol ar gyfer cwynion er mwyn sicrhau hyder y cyhoedd mewn system ymdrin \u00e2 chwynion hygyrch ac annibynnol.<\/span>\n\t\t\t\t\t\t\t\t\t<\/li>\n\t\t\t\t\t\t\t\t<li class=\"elementor-icon-list-item\">\n\t\t\t\t\t\t\t\t\t\t\t<span class=\"elementor-icon-list-icon\">\n\t\t\t\t\t\t\t<i aria-hidden=\"true\" class=\"fas fa-chevron-circle-right\"><\/i>\t\t\t\t\t\t<\/span>\n\t\t\t\t\t\t\t\t\t\t<span class=\"elementor-icon-list-text\">Diogelu\u2019r rhai sy\u2019n agored i niwed a sicrhau tegwch \u2013 datblygu a chyflwyno protocolau ad-dalu a bregusrwydd newydd, fforddiadwy gan ddefnyddio arfer gorau gan sefydliadau, busnesau ac asiantaethau eraill fel y bo\u2019n briodol.<\/span>\n\t\t\t\t\t\t\t\t\t<\/li>\n\t\t\t\t\t\t\t\t<li class=\"elementor-icon-list-item\">\n\t\t\t\t\t\t\t\t\t\t\t<span class=\"elementor-icon-list-icon\">\n\t\t\t\t\t\t\t<i aria-hidden=\"true\" class=\"fas fa-chevron-circle-right\"><\/i>\t\t\t\t\t\t<\/span>\n\t\t\t\t\t\t\t\t\t\t<span class=\"elementor-icon-list-text\">Awdurdodi - gweithio gyda'r Weinyddiaeth Gyfiawnder a rhanddeiliaid ehangach i ddatblygu proses awdurdodi briodol ac ymarferol ar gyfer asiantau gorfodi a chwmn\u00efau, gan ystyried y broses ardystio llys bresennol.<\/span>\n\t\t\t\t\t\t\t\t\t<\/li>\n\t\t\t\t\t\t<\/ul>\n\t\t\t\t\t\t<\/div>\n\t\t\t\t<\/div>\n\t\t\t\t\t<\/div>\n\t\t<\/div>\n\t\t\t\t\t<\/div>\n\t\t<\/section>\n\t\t\t\t<section data-particle_enable=\"false\" data-particle-mobile-disabled=\"false\" class=\"elementor-section elementor-top-section elementor-element elementor-element-47de002 elementor-section-full_width elementor-reverse-mobile elementor-section-height-default elementor-section-height-default\" data-id=\"47de002\" data-element_type=\"section\" data-e-type=\"section\" data-settings=\"{&quot;background_background&quot;:&quot;classic&quot;}\">\n\t\t\t\t\t\t<div class=\"elementor-container elementor-column-gap-default\">\n\t\t\t\t\t<div class=\"elementor-column elementor-col-100 elementor-top-column elementor-element elementor-element-84547b9\" data-id=\"84547b9\" data-element_type=\"column\" data-e-type=\"column\">\n\t\t\t<div class=\"elementor-widget-wrap elementor-element-populated\">\n\t\t\t\t\t\t<div class=\"elementor-element elementor-element-1e5eb80 elementor-widget-divider--view-line elementor-invisible elementor-widget elementor-widget-divider\" data-id=\"1e5eb80\" data-element_type=\"widget\" data-e-type=\"widget\" data-settings=\"{&quot;_animation&quot;:&quot;fadeInUp&quot;}\" data-widget_type=\"divider.default\">\n\t\t\t\t<div class=\"elementor-widget-container\">\n\t\t\t\t\t\t\t<div class=\"elementor-divider\">\n\t\t\t<span class=\"elementor-divider-separator\">\n\t\t\t\t\t\t<\/span>\n\t\t<\/div>\n\t\t\t\t\t\t<\/div>\n\t\t\t\t<\/div>\n\t\t\t\t<div class=\"elementor-element elementor-element-987610b elementor-widget elementor-widget-heading\" data-id=\"987610b\" data-element_type=\"widget\" data-e-type=\"widget\" data-widget_type=\"heading.default\">\n\t\t\t\t<div class=\"elementor-widget-container\">\n\t\t\t\t\t<h3 class=\"elementor-heading-title elementor-size-default\">Cr\u00ebwyd yr ECB gyda chytundeb rhwng y diwydiant gorfodi sifil ac elusennau cyngor ar ddyledion blaenllaw gan gynnwys yr Ymddiriedolaeth Cyngor Ariannol, Christians Against Poverty a Step Change.<br><br>Mae gan yr ECB, a fydd yn gweithredu'n annibynnol ar y diwydiant a'r Llywodraeth, fandad i sicrhau triniaeth deg ac amddiffyniad priodol i bobl sy'n destun camau gweithredu gan asiantau gorfodi.\n\n<br><br>Wedi\u2019i hariannu i ddechrau gan ardoll diwydiant gwirfoddol, mae\u2019r Llywodraeth wedi ymrwymo i adolygu\u2019r angen i roi awdurdod cyfreithiol llawn i arolygiaeth yr ECB erbyn 2024.<\/h3>\t\t\t\t<\/div>\n\t\t\t\t<\/div>\n\t\t\t\t\t<\/div>\n\t\t<\/div>\n\t\t\t\t\t<\/div>\n\t\t<\/section>\n\t\t\t\t<\/div>","protected":false},"excerpt":{"rendered":"<p>About Us The purpose of the Enforcement Conduct Board (ECB) is to ensure that all those who are subject to enforcement action in England and Wales are fairly treated. The ECB will provide independent oversight of the enforcement industry, with a special regard for those experiencing financial difficulty or other vulnerable circumstances. Until now, there [&hellip;]<\/p>\n","protected":false},"author":3,"featured_media":0,"parent":0,"menu_order":0,"comment_status":"closed","ping_status":"closed","template":"","meta":{"om_disable_all_campaigns":false,"_uf_show_specific_survey":0,"_uf_disable_surveys":false,"footnotes":""},"class_list":["post-311","page","type-page","status-publish","hentry"],"yoast_head":"<!-- This site is optimized with the Yoast SEO Premium plugin v25.4 (Yoast SEO v27.5) - https:\/\/yoast.com\/product\/yoast-seo-premium-wordpress\/ -->\n<title>About us - enforcementconductboard<\/title>\n<meta name=\"robots\" content=\"index, follow, max-snippet:-1, max-image-preview:large, max-video-preview:-1\" \/>\n<link rel=\"canonical\" href=\"https:\/\/enforcementconductboard.org\/cy\/about-us\/\" \/>\n<meta property=\"og:locale\" content=\"en_US\" \/>\n<meta property=\"og:type\" content=\"article\" \/>\n<meta property=\"og:title\" content=\"About us\" \/>\n<meta property=\"og:description\" content=\"About Us The purpose of the Enforcement Conduct Board (ECB) is to ensure that all those who are subject to enforcement action in England and Wales are fairly treated. The ECB will provide independent oversight of the enforcement industry, with a special regard for those experiencing financial difficulty or other vulnerable circumstances. Until now, there [&hellip;]\" \/>\n<meta property=\"og:url\" content=\"https:\/\/enforcementconductboard.org\/cy\/about-us\/\" \/>\n<meta property=\"og:site_name\" content=\"enforcementconductboard\" \/>\n<meta property=\"article:modified_time\" content=\"2023-09-07T08:06:48+00:00\" \/>\n<meta property=\"og:image\" content=\"https:\/\/enforcementconductboard.org\/wp-content\/uploads\/2022\/10\/Bailiff-at-door.jpg\" \/>\n\t<meta property=\"og:image:width\" content=\"1200\" \/>\n\t<meta property=\"og:image:height\" content=\"800\" \/>\n\t<meta property=\"og:image:type\" content=\"image\/jpeg\" \/>\n<meta name=\"twitter:card\" content=\"summary_large_image\" \/>\n<meta name=\"twitter:site\" content=\"@ec_board\" \/>\n<meta name=\"twitter:label1\" content=\"Est. reading time\" \/>\n\t<meta name=\"twitter:data1\" content=\"2 minutes\" \/>\n<script type=\"application\/ld+json\" class=\"yoast-schema-graph\">{\"@context\":\"https:\\\/\\\/schema.org\",\"@graph\":[{\"@type\":\"WebPage\",\"@id\":\"https:\\\/\\\/enforcementconductboard.org\\\/about-us\\\/\",\"url\":\"https:\\\/\\\/enforcementconductboard.org\\\/about-us\\\/\",\"name\":\"About us - enforcementconductboard\",\"isPartOf\":{\"@id\":\"https:\\\/\\\/enforcementconductboard.org\\\/#website\"},\"datePublished\":\"2022-09-27T18:41:41+00:00\",\"dateModified\":\"2023-09-07T08:06:48+00:00\",\"breadcrumb\":{\"@id\":\"https:\\\/\\\/enforcementconductboard.org\\\/about-us\\\/#breadcrumb\"},\"inLanguage\":\"cy\",\"potentialAction\":[{\"@type\":\"ReadAction\",\"target\":[\"https:\\\/\\\/enforcementconductboard.org\\\/about-us\\\/\"]}]},{\"@type\":\"BreadcrumbList\",\"@id\":\"https:\\\/\\\/enforcementconductboard.org\\\/about-us\\\/#breadcrumb\",\"itemListElement\":[{\"@type\":\"ListItem\",\"position\":1,\"name\":\"Home\",\"item\":\"https:\\\/\\\/enforcementconductboard.org\\\/\"},{\"@type\":\"ListItem\",\"position\":2,\"name\":\"About us\"}]},{\"@type\":\"WebSite\",\"@id\":\"https:\\\/\\\/enforcementconductboard.org\\\/#website\",\"url\":\"https:\\\/\\\/enforcementconductboard.org\\\/\",\"name\":\"enforcementconductboard\",\"description\":\"\",\"publisher\":{\"@id\":\"https:\\\/\\\/enforcementconductboard.org\\\/#organization\"},\"potentialAction\":[{\"@type\":\"SearchAction\",\"target\":{\"@type\":\"EntryPoint\",\"urlTemplate\":\"https:\\\/\\\/enforcementconductboard.org\\\/?s={search_term_string}\"},\"query-input\":{\"@type\":\"PropertyValueSpecification\",\"valueRequired\":true,\"valueName\":\"search_term_string\"}}],\"inLanguage\":\"cy\"},{\"@type\":\"Organization\",\"@id\":\"https:\\\/\\\/enforcementconductboard.org\\\/#organization\",\"name\":\"enforcementconductboard\",\"url\":\"https:\\\/\\\/enforcementconductboard.org\\\/\",\"logo\":{\"@type\":\"ImageObject\",\"inLanguage\":\"cy\",\"@id\":\"https:\\\/\\\/enforcementconductboard.org\\\/#\\\/schema\\\/logo\\\/image\\\/\",\"url\":\"https:\\\/\\\/i0.wp.com\\\/enforcementconductboard.org\\\/wp-content\\\/uploads\\\/2022\\\/09\\\/ECB_Col_Logo.png?fit=1370%2C425&ssl=1\",\"contentUrl\":\"https:\\\/\\\/i0.wp.com\\\/enforcementconductboard.org\\\/wp-content\\\/uploads\\\/2022\\\/09\\\/ECB_Col_Logo.png?fit=1370%2C425&ssl=1\",\"width\":1370,\"height\":425,\"caption\":\"enforcementconductboard\"},\"image\":{\"@id\":\"https:\\\/\\\/enforcementconductboard.org\\\/#\\\/schema\\\/logo\\\/image\\\/\"},\"sameAs\":[\"https:\\\/\\\/x.com\\\/ec_board\"]}]}<\/script>\n<!-- \/ Yoast SEO Premium plugin. -->","yoast_head_json":{"title":"Amdanom ni - bwrdd gorfodi","robots":{"index":"index","follow":"follow","max-snippet":"max-snippet:-1","max-image-preview":"max-image-preview:large","max-video-preview":"max-video-preview:-1"},"canonical":"https:\/\/enforcementconductboard.org\/cy\/about-us\/","og_locale":"en_US","og_type":"article","og_title":"About us","og_description":"About Us The purpose of the Enforcement Conduct Board (ECB) is to ensure that all those who are subject to enforcement action in England and Wales are fairly treated. The ECB will provide independent oversight of the enforcement industry, with a special regard for those experiencing financial difficulty or other vulnerable circumstances. Until now, there [&hellip;]","og_url":"https:\/\/enforcementconductboard.org\/cy\/about-us\/","og_site_name":"enforcementconductboard","article_modified_time":"2023-09-07T08:06:48+00:00","og_image":[{"width":1200,"height":800,"url":"https:\/\/enforcementconductboard.org\/wp-content\/uploads\/2022\/10\/Bailiff-at-door.jpg","type":"image\/jpeg"}],"twitter_card":"summary_large_image","twitter_site":"@ec_board","twitter_misc":{"Est. reading time":"2 minutes"},"schema":{"@context":"https:\/\/schema.org","@graph":[{"@type":"WebPage","@id":"https:\/\/enforcementconductboard.org\/about-us\/","url":"https:\/\/enforcementconductboard.org\/about-us\/","name":"Amdanom ni - bwrdd gorfodi","isPartOf":{"@id":"https:\/\/enforcementconductboard.org\/#website"},"datePublished":"2022-09-27T18:41:41+00:00","dateModified":"2023-09-07T08:06:48+00:00","breadcrumb":{"@id":"https:\/\/enforcementconductboard.org\/about-us\/#breadcrumb"},"inLanguage":"cy","potentialAction":[{"@type":"ReadAction","target":["https:\/\/enforcementconductboard.org\/about-us\/"]}]},{"@type":"BreadcrumbList","@id":"https:\/\/enforcementconductboard.org\/about-us\/#breadcrumb","itemListElement":[{"@type":"ListItem","position":1,"name":"Home","item":"https:\/\/enforcementconductboard.org\/"},{"@type":"ListItem","position":2,"name":"About us"}]},{"@type":"WebSite","@id":"https:\/\/enforcementconductboard.org\/#website","url":"https:\/\/enforcementconductboard.org\/","name":"bwrdd ymddygiad gorfodi","description":"","publisher":{"@id":"https:\/\/enforcementconductboard.org\/#organization"},"potentialAction":[{"@type":"SearchAction","target":{"@type":"EntryPoint","urlTemplate":"https:\/\/enforcementconductboard.org\/?s={search_term_string}"},"query-input":{"@type":"PropertyValueSpecification","valueRequired":true,"valueName":"search_term_string"}}],"inLanguage":"cy"},{"@type":"Organization","@id":"https:\/\/enforcementconductboard.org\/#organization","name":"bwrdd ymddygiad gorfodi","url":"https:\/\/enforcementconductboard.org\/","logo":{"@type":"ImageObject","inLanguage":"cy","@id":"https:\/\/enforcementconductboard.org\/#\/schema\/logo\/image\/","url":"https:\/\/i0.wp.com\/enforcementconductboard.org\/wp-content\/uploads\/2022\/09\/ECB_Col_Logo.png?fit=1370%2C425&ssl=1","contentUrl":"https:\/\/i0.wp.com\/enforcementconductboard.org\/wp-content\/uploads\/2022\/09\/ECB_Col_Logo.png?fit=1370%2C425&ssl=1","width":1370,"height":425,"caption":"enforcementconductboard"},"image":{"@id":"https:\/\/enforcementconductboard.org\/#\/schema\/logo\/image\/"},"sameAs":["https:\/\/x.com\/ec_board"]}]}},"_links":{"self":[{"href":"https:\/\/enforcementconductboard.org\/cy\/wp-json\/wp\/v2\/pages\/311","targetHints":{"allow":["GET"]}}],"collection":[{"href":"https:\/\/enforcementconductboard.org\/cy\/wp-json\/wp\/v2\/pages"}],"about":[{"href":"https:\/\/enforcementconductboard.org\/cy\/wp-json\/wp\/v2\/types\/page"}],"author":[{"embeddable":true,"href":"https:\/\/enforcementconductboard.org\/cy\/wp-json\/wp\/v2\/users\/3"}],"replies":[{"embeddable":true,"href":"https:\/\/enforcementconductboard.org\/cy\/wp-json\/wp\/v2\/comments?post=311"}],"version-history":[{"count":0,"href":"https:\/\/enforcementconductboard.org\/cy\/wp-json\/wp\/v2\/pages\/311\/revisions"}],"wp:attachment":[{"href":"https:\/\/enforcementconductboard.org\/cy\/wp-json\/wp\/v2\/media?parent=311"}],"curies":[{"name":"wp","href":"https:\/\/api.w.org\/{rel}","templated":true}]}}