{"id":494,"date":"2022-10-02T16:59:51","date_gmt":"2022-10-02T16:59:51","guid":{"rendered":"http:\/\/box2389.temp.domains\/~childsbr\/enforcementconductboard\/?page_id=494"},"modified":"2024-12-19T13:20:21","modified_gmt":"2024-12-19T13:20:21","slug":"when-an-enforcement-agent-gets-in-contact","status":"publish","type":"page","link":"https:\/\/enforcementconductboard.org\/cy\/when-an-enforcement-agent-gets-in-contact\/","title":{"rendered":"Pan fydd asiant gorfodi yn cysylltu"},"content":{"rendered":"<div data-elementor-type=\"wp-page\" data-elementor-id=\"494\" class=\"elementor elementor-494\" data-elementor-post-type=\"page\">\n\t\t\t\t<div data-particle_enable=\"false\" data-particle-mobile-disabled=\"false\" class=\"elementor-element elementor-element-63ed0a2 e-flex e-con-boxed e-con e-parent\" data-id=\"63ed0a2\" data-element_type=\"container\" data-e-type=\"container\" id=\"TOPENFORCE\" data-settings=\"{&quot;background_background&quot;:&quot;classic&quot;}\">\n\t\t\t\t\t<div class=\"e-con-inner\">\n\t\t<div data-particle_enable=\"false\" data-particle-mobile-disabled=\"false\" class=\"elementor-element elementor-element-fef5ef5 e-flex e-con-boxed e-con e-child\" data-id=\"fef5ef5\" data-element_type=\"container\" data-e-type=\"container\" data-settings=\"{&quot;background_background&quot;:&quot;classic&quot;}\">\n\t\t\t\t\t<div class=\"e-con-inner\">\n\t\t\t\t<div class=\"elementor-element elementor-element-ab15fe6 elementor-widget elementor-widget-heading\" data-id=\"ab15fe6\" data-element_type=\"widget\" data-e-type=\"widget\" data-widget_type=\"heading.default\">\n\t\t\t\t<div class=\"elementor-widget-container\">\n\t\t\t\t\t<h3 class=\"elementor-heading-title elementor-size-default\">Cyngor ac Arweiniad<\/h3>\t\t\t\t<\/div>\n\t\t\t\t<\/div>\n\t\t\t\t<div class=\"elementor-element elementor-element-8d6a93b elementor-widget-divider--view-line elementor-invisible elementor-widget elementor-widget-divider\" data-id=\"8d6a93b\" data-element_type=\"widget\" data-e-type=\"widget\" data-settings=\"{&quot;_animation&quot;:&quot;fadeInUp&quot;}\" data-widget_type=\"divider.default\">\n\t\t\t\t<div class=\"elementor-widget-container\">\n\t\t\t\t\t\t\t<div class=\"elementor-divider\">\n\t\t\t<span class=\"elementor-divider-separator\">\n\t\t\t\t\t\t<\/span>\n\t\t<\/div>\n\t\t\t\t\t\t<\/div>\n\t\t\t\t<\/div>\n\t\t\t\t<div class=\"elementor-element elementor-element-bc83213 elementor-widget elementor-widget-heading\" data-id=\"bc83213\" data-element_type=\"widget\" data-e-type=\"widget\" data-widget_type=\"heading.default\">\n\t\t\t\t<div class=\"elementor-widget-container\">\n\t\t\t\t\t<h1 class=\"elementor-heading-title elementor-size-default\">Pan fydd asiant gorfodi yn cysylltu<\/h1>\t\t\t\t<\/div>\n\t\t\t\t<\/div>\n\t\t\t\t\t<\/div>\n\t\t\t\t<\/div>\n\t\t\t\t\t<\/div>\n\t\t\t\t<\/div>\n\t\t<div data-particle_enable=\"false\" data-particle-mobile-disabled=\"false\" class=\"elementor-element elementor-element-0e4e4b7 e-flex e-con-boxed e-con e-parent\" data-id=\"0e4e4b7\" data-element_type=\"container\" data-e-type=\"container\" data-settings=\"{&quot;background_background&quot;:&quot;classic&quot;}\">\n\t\t\t\t\t<div class=\"e-con-inner\">\n\t\t<div data-particle_enable=\"false\" data-particle-mobile-disabled=\"false\" class=\"elementor-element elementor-element-f598310 e-con-full e-flex e-con e-child\" data-id=\"f598310\" data-element_type=\"container\" data-e-type=\"container\" data-settings=\"{&quot;background_background&quot;:&quot;classic&quot;}\">\n\t\t\t\t<div class=\"elementor-element elementor-element-6ed47b2 elementor-widget elementor-widget-text-editor\" data-id=\"6ed47b2\" data-element_type=\"widget\" data-e-type=\"widget\" data-widget_type=\"text-editor.default\">\n\t\t\t\t<div class=\"elementor-widget-container\">\n\t\t\t\t\t\t\t\t\t<p>Gall asiant gorfodi (beili) neu gwmni gorfodi gysylltu pan fydd gan rywun warant rheolaeth, gorchymyn atebolrwydd neu writ uchel lys yn eu herbyn am ddyled heb ei thalu megis \u00f4l-ddyledion treth gyngor, cosbau parcio, tramgwyddau traffig ffyrdd a thaliadau, dirwyon llys ynadon, llys sirol, uchel lys, neu ddyfarniadau llys teulu.<\/p><p>Pan fydd cwmni gorfodi yn derbyn dyled, mae&#039;n mynd i mewn i&#039;r hyn a elwir yn gam cydymffurfio. Y cam cyntaf i\u2019r cwmni gorfodi yn y cam cydymffurfio yw anfon Hysbysiad Gorfodi yn nodi eu bod yn gorfodi\u2019r ddyled ac yn gofyn am daliad. Ar yr adeg hon bydd y cwmni&#039;n ychwanegu ffi safonol sefydlog at y ddyled.<\/p><p>Ar hyn o bryd mae&#039;n ofynnol i gwmn\u00efau roi o leiaf saith diwrnod o rybudd rhag anfon y Rhybudd Gorfodi cyn ymweld ag eiddo. Mae&#039;n bwysig, lle bynnag y bo modd, i bobl ymateb i&#039;r Hysbysiad Gorfodi a siarad \u00e2&#039;r asiant gorfodi neu&#039;r cwmni yn gynnar. Gallai hyn helpu i&#039;w hatal rhag ymweld ag eiddo neu gymryd camau pellach.<\/p><p>Mae peidio \u00e2 chytuno ar drefniant talu gyda\u2019r cwmni gorfodi cyn y dyddiad a nodir ar yr hysbysiad, yn golygu bod yr achos yn symud i\u2019r cam gorfodi. Mae hyn yn golygu ei bod yn debygol y caiff asiant gorfodi ei gyfarwyddo i ymweld \u00e2&#039;r cyfeiriad a restrir.\u00a0<\/p><p class=\"translation-block\">Pan fydd yr asiant yn ymweld, bydd ffi sefydlog arall yn cael ei chodi a'i hychwanegu at y ddyled, hyd yn oed os nad oes neb gartref ac nad yw'r asiant yn siarad ag unrhyw un yn bersonol. Fodd bynnag, dylid cydnabod bod yr ymweliad hwn wedi digwydd, a rhaid gadael hysbysiad yn yr eiddo h.y. llythyr.<\/p><p>Gallwch ddarllen mwy am eich hawliau cyfreithiol pan fydd asiant gorfodi yn cysylltu \u00e2 chi yma:<br \/><a href=\"https:\/\/www.gov.uk\/your-rights-bailiffs\" target=\"_blank\" rel=\"noopener\">P\u0175er beil\u00efaid pan fyddant yn ymweld \u00e2'ch cartref<\/a><\/p>\t\t\t\t\t\t\t\t<\/div>\n\t\t\t\t<\/div>\n\t\t\t\t<\/div>\n\t\t<div data-particle_enable=\"false\" data-particle-mobile-disabled=\"false\" class=\"elementor-element elementor-element-4107ea7 e-con-full e-flex e-con e-child\" data-id=\"4107ea7\" data-element_type=\"container\" data-e-type=\"container\" data-settings=\"{&quot;background_background&quot;:&quot;classic&quot;}\">\n\t\t\t\t<div class=\"elementor-element elementor-element-f94d614 elementor-widget elementor-widget-text-editor\" data-id=\"f94d614\" data-element_type=\"widget\" data-e-type=\"widget\" data-widget_type=\"text-editor.default\">\n\t\t\t\t<div class=\"elementor-widget-container\">\n\t\t\t\t\t\t\t\t\t<p><strong>Ffioedd<\/strong><\/p><p>Telir y ffioedd y mae asiantau gorfodi yn eu codi gan y person y gorfodir yn ei erbyn.<\/p><p>Mae lefel y ffi y gellir ei chodi wedi\u2019i nodi mewn deddfwriaeth.<\/p><p>I ddysgu mwy am y ffioedd gwahanol y gall asiantau gorfodi eu codi, ewch i: <a href=\"https:\/\/www.citizensadvice.org.uk\/cymraeg\/Dyled-ac-arian\/action-your-creditor-can-take\/beiliaid\/sut-ddylai-beiliaid-eich-trin-chi\/edrychwch-pa-ffioedd-mae-beiliaid-yn-gallu-eu-codi\/\">Edrychwch pa ffioedd mae beil\u00efaid yn gallu eu codi<\/a><\/p>\t\t\t\t\t\t\t\t<\/div>\n\t\t\t\t<\/div>\n\t\t\t\t<\/div>\n\t\t<div data-particle_enable=\"false\" data-particle-mobile-disabled=\"false\" class=\"elementor-element elementor-element-aef0564 e-con-full e-flex e-con e-child\" data-id=\"aef0564\" data-element_type=\"container\" data-e-type=\"container\" data-settings=\"{&quot;background_background&quot;:&quot;classic&quot;}\">\n\t\t\t\t<div class=\"elementor-element elementor-element-14384e0 elementor-widget elementor-widget-text-editor\" data-id=\"14384e0\" data-element_type=\"widget\" data-e-type=\"widget\" data-widget_type=\"text-editor.default\">\n\t\t\t\t<div class=\"elementor-widget-container\">\n\t\t\t\t\t\t\t\t\t<p><strong>Bregusrwydd<\/strong><\/p><p>Dylai cwmn\u00efau gorfodi ystyried bregusrwydd wrth orfodi dyledion a gallai pobl agored i niwed fod yn gymwys i gael amser ychwanegol neu gymorth arall i ddatrys eu dyledion. Yn ymarferol, bydd angen rhyw fath o dystiolaeth ar y rhan fwyaf o gwmn\u00efau i brofi eu bod yn agored i niwed.<\/p><p>Mae&#039;r ECB yn datblygu canllawiau manwl ar fregusrwydd yn 2025. Yn y cyfamser, mae&#039;n rhaid i gwmn\u00efau sydd wedi&#039;u hachredu gan yr ECB gydymffurfio \u00e2 <a href=\"https:\/\/enforcementconductboard.org\/cy\/standards\/\" target=\"_blank\" rel=\"noopener\">safonau<\/a>. Mae&#039;r rhain yn mandadu cydymffurfio \u00e2 gofynion perthnasol y <a href=\"https:\/\/assets.publishing.service.gov.uk\/government\/uploads\/system\/uploads\/attachment_data\/file\/353396\/taking-control-of-goods-national-standards.pdf\" target=\"_blank\" rel=\"noopener\">Cymryd Rheolaeth ar Nwyddau: Safonau Cenedlaethol<\/a> (paragraffau 70 \u2013 78).<\/p>\t\t\t\t\t\t\t\t<\/div>\n\t\t\t\t<\/div>\n\t\t\t\t<\/div>\n\t\t\t\t\t<\/div>\n\t\t\t\t<\/div>\n\t\t<div data-particle_enable=\"false\" data-particle-mobile-disabled=\"false\" class=\"elementor-element elementor-element-c23b2d4 e-flex e-con-boxed e-con e-parent\" data-id=\"c23b2d4\" data-element_type=\"container\" data-e-type=\"container\" data-settings=\"{&quot;background_background&quot;:&quot;classic&quot;}\">\n\t\t\t\t\t<div class=\"e-con-inner\">\n\t\t<div data-particle_enable=\"false\" data-particle-mobile-disabled=\"false\" class=\"elementor-element elementor-element-6c99cf7 e-con-full e-flex e-con e-child\" data-id=\"6c99cf7\" data-element_type=\"container\" data-e-type=\"container\">\n\t\t\t\t<div class=\"elementor-element elementor-element-11ad00c elementor-widget elementor-widget-text-editor\" data-id=\"11ad00c\" data-element_type=\"widget\" data-e-type=\"widget\" data-widget_type=\"text-editor.default\">\n\t\t\t\t<div class=\"elementor-widget-container\">\n\t\t\t\t\t\t\t\t\t<p><strong>Am fwy o help a chyngor<\/strong><\/p><p>I gael cyngor annibynnol am ddim ar ddyledion ewch i:<\/p>\t\t\t\t\t\t\t\t<\/div>\n\t\t\t\t<\/div>\n\t\t\t\t<\/div>\n\t\t<div data-particle_enable=\"false\" data-particle-mobile-disabled=\"false\" class=\"elementor-element elementor-element-975ff2f e-con-full e-flex e-con e-child\" data-id=\"975ff2f\" data-element_type=\"container\" data-e-type=\"container\">\n\t\t<div data-particle_enable=\"false\" data-particle-mobile-disabled=\"false\" class=\"elementor-element elementor-element-89d2fee e-con-full e-flex e-con e-child\" data-id=\"89d2fee\" data-element_type=\"container\" data-e-type=\"container\">\n\t\t\t\t<div class=\"elementor-element elementor-element-677418f elementor-widget elementor-widget-image\" data-id=\"677418f\" data-element_type=\"widget\" data-e-type=\"widget\" data-widget_type=\"image.default\">\n\t\t\t\t<div class=\"elementor-widget-container\">\n\t\t\t\t\t\t\t\t\t\t\t\t\t\t\t\t<a href=\"https:\/\/nationaldebtline.org\/\" target=\"_blank\">\n\t\t\t\t\t\t\t<img fetchpriority=\"high\" decoding=\"async\" width=\"300\" height=\"240\" src=\"https:\/\/enforcementconductboard.org\/wp-content\/uploads\/2022\/10\/debtline_logo-1-300x240.png\" class=\"attachment-medium size-medium wp-image-620\" alt=\"\" srcset=\"https:\/\/enforcementconductboard.org\/wp-content\/uploads\/2022\/10\/debtline_logo-1-300x240.png 300w, https:\/\/enforcementconductboard.org\/wp-content\/uploads\/2022\/10\/debtline_logo-1.png 500w\" sizes=\"(max-width: 300px) 100vw, 300px\" \/>\t\t\t\t\t\t\t\t<\/a>\n\t\t\t\t\t\t\t\t\t\t\t\t\t\t\t<\/div>\n\t\t\t\t<\/div>\n\t\t\t\t<\/div>\n\t\t<div data-particle_enable=\"false\" data-particle-mobile-disabled=\"false\" class=\"elementor-element elementor-element-c601285 e-con-full e-flex e-con e-child\" data-id=\"c601285\" data-element_type=\"container\" data-e-type=\"container\">\n\t\t\t\t<div class=\"elementor-element elementor-element-44e12dc elementor-widget elementor-widget-image\" data-id=\"44e12dc\" data-element_type=\"widget\" data-e-type=\"widget\" data-widget_type=\"image.default\">\n\t\t\t\t<div class=\"elementor-widget-container\">\n\t\t\t\t\t\t\t\t\t\t\t\t\t\t\t\t<a href=\"https:\/\/www.citizensadvice.org.uk\/\" target=\"_blank\">\n\t\t\t\t\t\t\t<img decoding=\"async\" width=\"300\" height=\"240\" src=\"https:\/\/enforcementconductboard.org\/wp-content\/uploads\/2022\/10\/Citizens-Advice_logo-2-300x240.png\" class=\"attachment-medium size-medium wp-image-622\" alt=\"\" srcset=\"https:\/\/enforcementconductboard.org\/wp-content\/uploads\/2022\/10\/Citizens-Advice_logo-2-300x240.png 300w, https:\/\/enforcementconductboard.org\/wp-content\/uploads\/2022\/10\/Citizens-Advice_logo-2.png 500w\" sizes=\"(max-width: 300px) 100vw, 300px\" \/>\t\t\t\t\t\t\t\t<\/a>\n\t\t\t\t\t\t\t\t\t\t\t\t\t\t\t<\/div>\n\t\t\t\t<\/div>\n\t\t\t\t<\/div>\n\t\t<div data-particle_enable=\"false\" data-particle-mobile-disabled=\"false\" class=\"elementor-element elementor-element-39e8eb7 e-con-full e-flex e-con e-child\" data-id=\"39e8eb7\" data-element_type=\"container\" data-e-type=\"container\" data-settings=\"{&quot;background_background&quot;:&quot;classic&quot;}\">\n\t\t\t\t<div class=\"elementor-element elementor-element-11af0ad elementor-widget elementor-widget-image\" data-id=\"11af0ad\" data-element_type=\"widget\" data-e-type=\"widget\" data-widget_type=\"image.default\">\n\t\t\t\t<div class=\"elementor-widget-container\">\n\t\t\t\t\t\t\t\t\t\t\t\t\t\t\t\t<a href=\"https:\/\/www.stepchange.org\/\" target=\"_blank\">\n\t\t\t\t\t\t\t<img decoding=\"async\" width=\"300\" height=\"240\" src=\"https:\/\/enforcementconductboard.org\/wp-content\/uploads\/2022\/10\/stepchange_logo-2-300x240.png\" class=\"attachment-medium size-medium wp-image-619\" alt=\"\" srcset=\"https:\/\/enforcementconductboard.org\/wp-content\/uploads\/2022\/10\/stepchange_logo-2-300x240.png 300w, https:\/\/enforcementconductboard.org\/wp-content\/uploads\/2022\/10\/stepchange_logo-2.png 500w\" sizes=\"(max-width: 300px) 100vw, 300px\" \/>\t\t\t\t\t\t\t\t<\/a>\n\t\t\t\t\t\t\t\t\t\t\t\t\t\t\t<\/div>\n\t\t\t\t<\/div>\n\t\t\t\t<\/div>\n\t\t\t\t<\/div>\n\t\t<div data-particle_enable=\"false\" data-particle-mobile-disabled=\"false\" class=\"elementor-element elementor-element-6c5e42b e-con-full e-flex e-con e-child\" data-id=\"6c5e42b\" data-element_type=\"container\" data-e-type=\"container\">\n\t\t<div data-particle_enable=\"false\" data-particle-mobile-disabled=\"false\" class=\"elementor-element elementor-element-6184b0a e-con-full e-flex e-con e-child\" data-id=\"6184b0a\" data-element_type=\"container\" data-e-type=\"container\">\n\t\t\t\t<div class=\"elementor-element elementor-element-72c8e95 elementor-widget elementor-widget-text-editor\" data-id=\"72c8e95\" data-element_type=\"widget\" data-e-type=\"widget\" data-widget_type=\"text-editor.default\">\n\t\t\t\t<div class=\"elementor-widget-container\">\n\t\t\t\t\t\t\t\t\t<p>Gall sefydliadau cyngor ar ddyledion gefnogi pobl agored i niwed i weithio allan cyllideb, gwirio am fudd-daliadau a rhoi cyngor ar sut i ddelio \u00e2 dyledion.<\/p>\t\t\t\t\t\t\t\t<\/div>\n\t\t\t\t<\/div>\n\t\t\t\t<\/div>\n\t\t\t\t<\/div>\n\t\t\t\t<div class=\"elementor-element elementor-element-86e1881 elementor-position-inline-end elementor-view-default elementor-mobile-position-block-start elementor-widget elementor-widget-icon-box\" data-id=\"86e1881\" data-element_type=\"widget\" data-e-type=\"widget\" data-widget_type=\"icon-box.default\">\n\t\t\t\t<div class=\"elementor-widget-container\">\n\t\t\t\t\t\t\t<div class=\"elementor-icon-box-wrapper\">\n\n\t\t\t\t\t\t<div class=\"elementor-icon-box-icon\">\n\t\t\t\t<a href=\"#TOPENFORCE\" class=\"elementor-icon\" tabindex=\"-1\" aria-label=\"Yn \u00f4l i&#039;r brig\">\n\t\t\t\t<i aria-hidden=\"true\" class=\"fas fa-chevron-circle-up\"><\/i>\t\t\t\t<\/a>\n\t\t\t<\/div>\n\t\t\t\n\t\t\t\t\t\t<div class=\"elementor-icon-box-content\">\n\n\t\t\t\t\t\t\t\t\t<h3 class=\"elementor-icon-box-title\">\n\t\t\t\t\t\t<a href=\"#TOPENFORCE\" >\n\t\t\t\t\t\t\tYn \u00f4l i'r brig\t\t\t\t\t\t<\/a>\n\t\t\t\t\t<\/h3>\n\t\t\t\t\n\t\t\t\t\n\t\t\t<\/div>\n\t\t\t\n\t\t<\/div>\n\t\t\t\t\t\t<\/div>\n\t\t\t\t<\/div>\n\t\t\t\t\t<\/div>\n\t\t\t\t<\/div>\n\t\t\t\t<\/div>","protected":false},"excerpt":{"rendered":"<p>Advice &amp; Guidance When an enforcement agent gets in contact An enforcement agent (bailiff) or enforcement firm may get in contact when someone has a warrant of control, liability order or high court writ taken out against them for an unpaid debt such as council tax arrears, parking penalties, road traffic contraventions and charges, magistrates\u2019 [&hellip;]<\/p>\n","protected":false},"author":3,"featured_media":0,"parent":0,"menu_order":0,"comment_status":"closed","ping_status":"closed","template":"","meta":{"om_disable_all_campaigns":false,"_uf_show_specific_survey":0,"_uf_disable_surveys":false,"footnotes":""},"class_list":["post-494","page","type-page","status-publish","hentry"],"yoast_head":"<!-- This site is optimized with the Yoast SEO Premium plugin v25.4 (Yoast SEO v27.4) - https:\/\/yoast.com\/product\/yoast-seo-premium-wordpress\/ -->\n<title>When an enforcement agent gets in contact - enforcementconductboard<\/title>\n<meta name=\"robots\" content=\"index, follow, max-snippet:-1, max-image-preview:large, max-video-preview:-1\" \/>\n<link rel=\"canonical\" href=\"https:\/\/enforcementconductboard.org\/cy\/when-an-enforcement-agent-gets-in-contact\/\" \/>\n<meta property=\"og:locale\" content=\"en_US\" \/>\n<meta property=\"og:type\" content=\"article\" \/>\n<meta property=\"og:title\" content=\"When an enforcement agent gets in contact\" \/>\n<meta property=\"og:description\" content=\"Advice &amp; Guidance When an enforcement agent gets in contact An enforcement agent (bailiff) or enforcement firm may get in contact when someone has a warrant of control, liability order or high court writ taken out against them for an unpaid debt such as council tax arrears, parking penalties, road traffic contraventions and charges, magistrates\u2019 [&hellip;]\" \/>\n<meta property=\"og:url\" content=\"https:\/\/enforcementconductboard.org\/cy\/when-an-enforcement-agent-gets-in-contact\/\" \/>\n<meta property=\"og:site_name\" content=\"enforcementconductboard\" \/>\n<meta property=\"article:modified_time\" content=\"2024-12-19T13:20:21+00:00\" \/>\n<meta property=\"og:image\" content=\"https:\/\/enforcementconductboard.org\/wp-content\/uploads\/2022\/10\/debtline_logo-1-300x240.png\" \/>\n<meta name=\"twitter:card\" content=\"summary_large_image\" \/>\n<meta name=\"twitter:site\" content=\"@ec_board\" \/>\n<meta name=\"twitter:label1\" content=\"Est. reading time\" \/>\n\t<meta name=\"twitter:data1\" content=\"3 minutes\" \/>\n<script type=\"application\/ld+json\" class=\"yoast-schema-graph\">{\"@context\":\"https:\\\/\\\/schema.org\",\"@graph\":[{\"@type\":\"WebPage\",\"@id\":\"https:\\\/\\\/enforcementconductboard.org\\\/when-an-enforcement-agent-gets-in-contact\\\/\",\"url\":\"https:\\\/\\\/enforcementconductboard.org\\\/when-an-enforcement-agent-gets-in-contact\\\/\",\"name\":\"When an enforcement agent gets in contact - enforcementconductboard\",\"isPartOf\":{\"@id\":\"https:\\\/\\\/enforcementconductboard.org\\\/#website\"},\"primaryImageOfPage\":{\"@id\":\"https:\\\/\\\/enforcementconductboard.org\\\/when-an-enforcement-agent-gets-in-contact\\\/#primaryimage\"},\"image\":{\"@id\":\"https:\\\/\\\/enforcementconductboard.org\\\/when-an-enforcement-agent-gets-in-contact\\\/#primaryimage\"},\"thumbnailUrl\":\"https:\\\/\\\/enforcementconductboard.org\\\/wp-content\\\/uploads\\\/2022\\\/10\\\/debtline_logo-1-300x240.png\",\"datePublished\":\"2022-10-02T16:59:51+00:00\",\"dateModified\":\"2024-12-19T13:20:21+00:00\",\"breadcrumb\":{\"@id\":\"https:\\\/\\\/enforcementconductboard.org\\\/when-an-enforcement-agent-gets-in-contact\\\/#breadcrumb\"},\"inLanguage\":\"cy\",\"potentialAction\":[{\"@type\":\"ReadAction\",\"target\":[\"https:\\\/\\\/enforcementconductboard.org\\\/when-an-enforcement-agent-gets-in-contact\\\/\"]}]},{\"@type\":\"ImageObject\",\"inLanguage\":\"cy\",\"@id\":\"https:\\\/\\\/enforcementconductboard.org\\\/when-an-enforcement-agent-gets-in-contact\\\/#primaryimage\",\"url\":\"https:\\\/\\\/enforcementconductboard.org\\\/wp-content\\\/uploads\\\/2022\\\/10\\\/debtline_logo-1-300x240.png\",\"contentUrl\":\"https:\\\/\\\/enforcementconductboard.org\\\/wp-content\\\/uploads\\\/2022\\\/10\\\/debtline_logo-1-300x240.png\"},{\"@type\":\"BreadcrumbList\",\"@id\":\"https:\\\/\\\/enforcementconductboard.org\\\/when-an-enforcement-agent-gets-in-contact\\\/#breadcrumb\",\"itemListElement\":[{\"@type\":\"ListItem\",\"position\":1,\"name\":\"Home\",\"item\":\"https:\\\/\\\/enforcementconductboard.org\\\/\"},{\"@type\":\"ListItem\",\"position\":2,\"name\":\"When an enforcement agent gets in contact\"}]},{\"@type\":\"WebSite\",\"@id\":\"https:\\\/\\\/enforcementconductboard.org\\\/#website\",\"url\":\"https:\\\/\\\/enforcementconductboard.org\\\/\",\"name\":\"enforcementconductboard\",\"description\":\"\",\"publisher\":{\"@id\":\"https:\\\/\\\/enforcementconductboard.org\\\/#organization\"},\"potentialAction\":[{\"@type\":\"SearchAction\",\"target\":{\"@type\":\"EntryPoint\",\"urlTemplate\":\"https:\\\/\\\/enforcementconductboard.org\\\/?s={search_term_string}\"},\"query-input\":{\"@type\":\"PropertyValueSpecification\",\"valueRequired\":true,\"valueName\":\"search_term_string\"}}],\"inLanguage\":\"cy\"},{\"@type\":\"Organization\",\"@id\":\"https:\\\/\\\/enforcementconductboard.org\\\/#organization\",\"name\":\"enforcementconductboard\",\"url\":\"https:\\\/\\\/enforcementconductboard.org\\\/\",\"logo\":{\"@type\":\"ImageObject\",\"inLanguage\":\"cy\",\"@id\":\"https:\\\/\\\/enforcementconductboard.org\\\/#\\\/schema\\\/logo\\\/image\\\/\",\"url\":\"https:\\\/\\\/i0.wp.com\\\/enforcementconductboard.org\\\/wp-content\\\/uploads\\\/2022\\\/09\\\/ECB_Col_Logo.png?fit=1370%2C425&ssl=1\",\"contentUrl\":\"https:\\\/\\\/i0.wp.com\\\/enforcementconductboard.org\\\/wp-content\\\/uploads\\\/2022\\\/09\\\/ECB_Col_Logo.png?fit=1370%2C425&ssl=1\",\"width\":1370,\"height\":425,\"caption\":\"enforcementconductboard\"},\"image\":{\"@id\":\"https:\\\/\\\/enforcementconductboard.org\\\/#\\\/schema\\\/logo\\\/image\\\/\"},\"sameAs\":[\"https:\\\/\\\/x.com\\\/ec_board\"]}]}<\/script>\n<!-- \/ Yoast SEO Premium plugin. -->","yoast_head_json":{"title":"Pan fydd asiant gorfodi yn dod i gysylltiad - enforcementconductboard","robots":{"index":"index","follow":"follow","max-snippet":"max-snippet:-1","max-image-preview":"max-image-preview:large","max-video-preview":"max-video-preview:-1"},"canonical":"https:\/\/enforcementconductboard.org\/cy\/when-an-enforcement-agent-gets-in-contact\/","og_locale":"en_US","og_type":"article","og_title":"When an enforcement agent gets in contact","og_description":"Advice &amp; Guidance When an enforcement agent gets in contact An enforcement agent (bailiff) or enforcement firm may get in contact when someone has a warrant of control, liability order or high court writ taken out against them for an unpaid debt such as council tax arrears, parking penalties, road traffic contraventions and charges, magistrates\u2019 [&hellip;]","og_url":"https:\/\/enforcementconductboard.org\/cy\/when-an-enforcement-agent-gets-in-contact\/","og_site_name":"enforcementconductboard","article_modified_time":"2024-12-19T13:20:21+00:00","og_image":[{"url":"https:\/\/enforcementconductboard.org\/wp-content\/uploads\/2022\/10\/debtline_logo-1-300x240.png","type":"","width":"","height":""}],"twitter_card":"summary_large_image","twitter_site":"@ec_board","twitter_misc":{"Est. reading time":"3 minutes"},"schema":{"@context":"https:\/\/schema.org","@graph":[{"@type":"WebPage","@id":"https:\/\/enforcementconductboard.org\/when-an-enforcement-agent-gets-in-contact\/","url":"https:\/\/enforcementconductboard.org\/when-an-enforcement-agent-gets-in-contact\/","name":"Pan fydd asiant gorfodi yn dod i gysylltiad - enforcementconductboard","isPartOf":{"@id":"https:\/\/enforcementconductboard.org\/#website"},"primaryImageOfPage":{"@id":"https:\/\/enforcementconductboard.org\/when-an-enforcement-agent-gets-in-contact\/#primaryimage"},"image":{"@id":"https:\/\/enforcementconductboard.org\/when-an-enforcement-agent-gets-in-contact\/#primaryimage"},"thumbnailUrl":"https:\/\/enforcementconductboard.org\/wp-content\/uploads\/2022\/10\/debtline_logo-1-300x240.png","datePublished":"2022-10-02T16:59:51+00:00","dateModified":"2024-12-19T13:20:21+00:00","breadcrumb":{"@id":"https:\/\/enforcementconductboard.org\/when-an-enforcement-agent-gets-in-contact\/#breadcrumb"},"inLanguage":"cy","potentialAction":[{"@type":"ReadAction","target":["https:\/\/enforcementconductboard.org\/when-an-enforcement-agent-gets-in-contact\/"]}]},{"@type":"ImageObject","inLanguage":"cy","@id":"https:\/\/enforcementconductboard.org\/when-an-enforcement-agent-gets-in-contact\/#primaryimage","url":"https:\/\/enforcementconductboard.org\/wp-content\/uploads\/2022\/10\/debtline_logo-1-300x240.png","contentUrl":"https:\/\/enforcementconductboard.org\/wp-content\/uploads\/2022\/10\/debtline_logo-1-300x240.png"},{"@type":"BreadcrumbList","@id":"https:\/\/enforcementconductboard.org\/when-an-enforcement-agent-gets-in-contact\/#breadcrumb","itemListElement":[{"@type":"ListItem","position":1,"name":"Home","item":"https:\/\/enforcementconductboard.org\/"},{"@type":"ListItem","position":2,"name":"When an enforcement agent gets in contact"}]},{"@type":"WebSite","@id":"https:\/\/enforcementconductboard.org\/#website","url":"https:\/\/enforcementconductboard.org\/","name":"bwrdd ymddygiad gorfodi","description":"","publisher":{"@id":"https:\/\/enforcementconductboard.org\/#organization"},"potentialAction":[{"@type":"SearchAction","target":{"@type":"EntryPoint","urlTemplate":"https:\/\/enforcementconductboard.org\/?s={search_term_string}"},"query-input":{"@type":"PropertyValueSpecification","valueRequired":true,"valueName":"search_term_string"}}],"inLanguage":"cy"},{"@type":"Organization","@id":"https:\/\/enforcementconductboard.org\/#organization","name":"bwrdd ymddygiad gorfodi","url":"https:\/\/enforcementconductboard.org\/","logo":{"@type":"ImageObject","inLanguage":"cy","@id":"https:\/\/enforcementconductboard.org\/#\/schema\/logo\/image\/","url":"https:\/\/i0.wp.com\/enforcementconductboard.org\/wp-content\/uploads\/2022\/09\/ECB_Col_Logo.png?fit=1370%2C425&ssl=1","contentUrl":"https:\/\/i0.wp.com\/enforcementconductboard.org\/wp-content\/uploads\/2022\/09\/ECB_Col_Logo.png?fit=1370%2C425&ssl=1","width":1370,"height":425,"caption":"enforcementconductboard"},"image":{"@id":"https:\/\/enforcementconductboard.org\/#\/schema\/logo\/image\/"},"sameAs":["https:\/\/x.com\/ec_board"]}]}},"_links":{"self":[{"href":"https:\/\/enforcementconductboard.org\/cy\/wp-json\/wp\/v2\/pages\/494","targetHints":{"allow":["GET"]}}],"collection":[{"href":"https:\/\/enforcementconductboard.org\/cy\/wp-json\/wp\/v2\/pages"}],"about":[{"href":"https:\/\/enforcementconductboard.org\/cy\/wp-json\/wp\/v2\/types\/page"}],"author":[{"embeddable":true,"href":"https:\/\/enforcementconductboard.org\/cy\/wp-json\/wp\/v2\/users\/3"}],"replies":[{"embeddable":true,"href":"https:\/\/enforcementconductboard.org\/cy\/wp-json\/wp\/v2\/comments?post=494"}],"version-history":[{"count":0,"href":"https:\/\/enforcementconductboard.org\/cy\/wp-json\/wp\/v2\/pages\/494\/revisions"}],"wp:attachment":[{"href":"https:\/\/enforcementconductboard.org\/cy\/wp-json\/wp\/v2\/media?parent=494"}],"curies":[{"name":"wp","href":"https:\/\/api.w.org\/{rel}","templated":true}]}}