{"id":6868,"date":"2025-01-02T09:29:58","date_gmt":"2025-01-02T09:29:58","guid":{"rendered":"https:\/\/enforcementconductboard.org\/?page_id=6868"},"modified":"2025-02-11T08:20:07","modified_gmt":"2025-02-11T08:20:07","slug":"complaint-form-page-6","status":"publish","type":"page","link":"https:\/\/enforcementconductboard.org\/cy\/complaint-form-page-6\/","title":{"rendered":"Complaint form page 6"},"content":{"rendered":"<div data-elementor-type=\"wp-page\" data-elementor-id=\"6868\" class=\"elementor elementor-6868\" data-elementor-post-type=\"page\">\n\t\t\t\t<div data-particle_enable=\"false\" data-particle-mobile-disabled=\"false\" class=\"elementor-element elementor-element-33ce9967 e-flex e-con-boxed e-con e-parent\" data-id=\"33ce9967\" data-element_type=\"container\" data-e-type=\"container\" data-settings=\"{&quot;background_background&quot;:&quot;classic&quot;}\">\n\t\t\t\t\t<div class=\"e-con-inner\">\n\t\t<div data-particle_enable=\"false\" data-particle-mobile-disabled=\"false\" class=\"elementor-element elementor-element-6f508ace e-con-full e-flex e-con e-child\" data-id=\"6f508ace\" data-element_type=\"container\" data-e-type=\"container\" data-settings=\"{&quot;background_background&quot;:&quot;classic&quot;}\">\n\t\t\t\t<div class=\"elementor-element elementor-element-363952bc elementor-widget elementor-widget-text-editor\" data-id=\"363952bc\" data-element_type=\"widget\" data-e-type=\"widget\" data-widget_type=\"text-editor.default\">\n\t\t\t\t<div class=\"elementor-widget-container\">\n\t\t\t\t\t\t\t\t\t<p><strong>Proses gwyno&#039;r cwmni gorfodi.<br \/><br \/><\/strong><\/p><p>Rydym wedi cyhoeddi ein <a href=\"https:\/\/enforcementconductboard.org\/wp-content\/uploads\/2024\/12\/The-Guidance-to-the-Standards-on-Complaints.pdf\" target=\"_blank\" rel=\"noopener\">safonau a chanllawiau cwynion<\/a> ac rydym yn disgwyl i gwmn\u00efau gorfodi drosglwyddo i\u2019r safonau cwynion newydd o fis Ebrill 2025.<\/p><p>Yn ystod y cyfnod pontio (hyd at 1 Ebrill 2025), gall cwmn\u00efau gorfodi barhau i weithredu eu proses gwyno bresennol a bydd manylion am hynny ar gael ar eu gwefan. Gallai hyn olygu y bydd gan gwmn\u00efau gorfodi fwy nag un cam ffurfiol yn eu proses gwyno.<\/p><p>O fis Ebrill 2025, bydd pob cwmni gorfodi yn ceisio datrys eich cwyn yn anffurfiol yn gyntaf.<\/p><p>Os nad yw hynny&#039;n bosibl, bydd y cwmni gorfodi yn symud eich cwyn ymlaen i&#039;w cam cwyn ffurfiol.<\/p><p>O fis Ebrill 2025, rydym yn disgwyl i gwmn\u00efau gorfodi gwblhau eu hystyriaeth ffurfiol o g\u0175yn o fewn 20 diwrnod gwaith ar \u00f4l iddi gael ei chydnabod.\u00a0<\/p><p>Mae\u2019n bosibl y byddwn yn ymchwilio i g\u0175yn os nad yw\u2019r cwmni gorfodi wedi ymateb i chi o fewn 20 diwrnod gwaith.\u00a0<\/p><p>Unwaith y byddwch wedi derbyn ymateb terfynol y cwmni gorfodi i&#039;ch cwyn, rydych wedi cwblhau eu proses gwyno.<\/p><p><strong>A ydych naill ai wedi cwblhau proses gwyno\u2019r cwmni gorfodi neu a ydych wedi bod yn aros am ymateb gan y cwmni gorfodi am fwy nag 20 diwrnod gwaith?<\/strong><\/p>\t\t\t\t\t\t\t\t<\/div>\n\t\t\t\t<\/div>\n\t\t\t\t<div class=\"elementor-element elementor-element-e889858 elementor-align-left elementor-widget elementor-widget-button\" data-id=\"e889858\" data-element_type=\"widget\" data-e-type=\"widget\" data-widget_type=\"button.default\">\n\t\t\t\t<div class=\"elementor-widget-container\">\n\t\t\t\t\t\t\t\t\t<div class=\"elementor-button-wrapper\">\n\t\t\t\t\t<a class=\"elementor-button elementor-button-link elementor-size-sm\" href=\"https:\/\/enforcementconductboard.org\/cy\/complaint-form-page-7\/\">\n\t\t\t\t\t\t<span class=\"elementor-button-content-wrapper\">\n\t\t\t\t\t\t\t\t\t<span class=\"elementor-button-text\">Oes<\/span>\n\t\t\t\t\t<\/span>\n\t\t\t\t\t<\/a>\n\t\t\t\t<\/div>\n\t\t\t\t\t\t\t\t<\/div>\n\t\t\t\t<\/div>\n\t\t\t\t<div class=\"elementor-element elementor-element-59f6be9 elementor-widget elementor-widget-button\" data-id=\"59f6be9\" data-element_type=\"widget\" data-e-type=\"widget\" data-widget_type=\"button.default\">\n\t\t\t\t<div class=\"elementor-widget-container\">\n\t\t\t\t\t\t\t\t\t<div class=\"elementor-button-wrapper\">\n\t\t\t\t\t<a class=\"elementor-button elementor-button-link elementor-size-sm\" href=\"#elementor-action%3Aaction%3Dpopup%3Aopen%26settings%3DeyJpZCI6IjY5MDIiLCJ0b2dnbGUiOmZhbHNlfQ%3D%3D\" a=\"\">\n\t\t\t\t\t\t<span class=\"elementor-button-content-wrapper\">\n\t\t\t\t\t\t\t\t\t<span class=\"elementor-button-text\">Nac ydw<\/span>\n\t\t\t\t\t<\/span>\n\t\t\t\t\t<\/a>\n\t\t\t\t<\/div>\n\t\t\t\t\t\t\t\t<\/div>\n\t\t\t\t<\/div>\n\t\t\t\t<\/div>\n\t\t\t\t\t<\/div>\n\t\t\t\t<\/div>\n\t\t<div data-particle_enable=\"false\" data-particle-mobile-disabled=\"false\" class=\"elementor-element elementor-element-a31079b e-flex e-con-boxed e-con e-parent\" data-id=\"a31079b\" data-element_type=\"container\" data-e-type=\"container\" data-settings=\"{&quot;background_background&quot;:&quot;classic&quot;}\">\n\t\t\t\t\t<div class=\"e-con-inner\">\n\t\t<div data-particle_enable=\"false\" data-particle-mobile-disabled=\"false\" class=\"elementor-element elementor-element-6e44c446 e-con-full e-flex e-con e-child\" data-id=\"6e44c446\" data-element_type=\"container\" data-e-type=\"container\">\n\t\t\t\t<div class=\"elementor-element elementor-element-b551bff elementor-position-inline-end elementor-view-default elementor-mobile-position-block-start elementor-widget elementor-widget-icon-box\" data-id=\"b551bff\" data-element_type=\"widget\" data-e-type=\"widget\" data-widget_type=\"icon-box.default\">\n\t\t\t\t<div class=\"elementor-widget-container\">\n\t\t\t\t\t\t\t<div class=\"elementor-icon-box-wrapper\">\n\n\t\t\t\t\t\t<div class=\"elementor-icon-box-icon\">\n\t\t\t\t<a href=\"https:\/\/enforcementconductboard.org\/cy\/complaint-form-page-5\/\" class=\"elementor-icon\" tabindex=\"-1\" aria-label=\"Yn \u00f4l i&#039;r cwestiwn blaenorol\">\n\t\t\t\t<i aria-hidden=\"true\" class=\"fas fa-chevron-circle-left\"><\/i>\t\t\t\t<\/a>\n\t\t\t<\/div>\n\t\t\t\n\t\t\t\t\t\t<div class=\"elementor-icon-box-content\">\n\n\t\t\t\t\t\t\t\t\t<h3 class=\"elementor-icon-box-title\">\n\t\t\t\t\t\t<a href=\"https:\/\/enforcementconductboard.org\/cy\/complaint-form-page-5\/\" >\n\t\t\t\t\t\t\tYn \u00f4l i&#039;r cwestiwn blaenorol\t\t\t\t\t\t<\/a>\n\t\t\t\t\t<\/h3>\n\t\t\t\t\n\t\t\t\t\n\t\t\t<\/div>\n\t\t\t\n\t\t<\/div>\n\t\t\t\t\t\t<\/div>\n\t\t\t\t<\/div>\n\t\t\t\t<\/div>\n\t\t\t\t\t<\/div>\n\t\t\t\t<\/div>\n\t\t\t\t<\/div>","protected":false},"excerpt":{"rendered":"<p>The enforcement firm\u2019s complaints process. We have published our complaints standards and guidance and we expect enforcement firms to transition to the new complaints standards from April 2025. During the transition period (up to 1 April 2025), enforcement firms may continue to operate their current complaints process and details about that will be available on [&hellip;]<\/p>\n","protected":false},"author":3,"featured_media":0,"parent":0,"menu_order":0,"comment_status":"closed","ping_status":"closed","template":"","meta":{"om_disable_all_campaigns":false,"_uf_show_specific_survey":0,"_uf_disable_surveys":false,"footnotes":""},"class_list":["post-6868","page","type-page","status-publish","hentry"],"yoast_head":"<!-- This site is optimized with the Yoast SEO Premium plugin v25.4 (Yoast SEO v27.4) - https:\/\/yoast.com\/product\/yoast-seo-premium-wordpress\/ -->\n<title>Complaint form page 6 - enforcementconductboard<\/title>\n<meta name=\"robots\" content=\"index, follow, max-snippet:-1, max-image-preview:large, max-video-preview:-1\" \/>\n<link rel=\"canonical\" href=\"https:\/\/enforcementconductboard.org\/cy\/complaint-form-page-6\/\" \/>\n<meta property=\"og:locale\" content=\"en_US\" \/>\n<meta property=\"og:type\" content=\"article\" \/>\n<meta property=\"og:title\" content=\"Complaint form page 6\" \/>\n<meta property=\"og:description\" content=\"The enforcement firm\u2019s complaints process. We have published our complaints standards and guidance and we expect enforcement firms to transition to the new complaints standards from April 2025. During the transition period (up to 1 April 2025), enforcement firms may continue to operate their current complaints process and details about that will be available on [&hellip;]\" \/>\n<meta property=\"og:url\" content=\"https:\/\/enforcementconductboard.org\/cy\/complaint-form-page-6\/\" \/>\n<meta property=\"og:site_name\" content=\"enforcementconductboard\" \/>\n<meta property=\"article:modified_time\" content=\"2025-02-11T08:20:07+00:00\" \/>\n<meta property=\"og:image\" content=\"https:\/\/enforcementconductboard.org\/wp-content\/uploads\/2022\/10\/Bailiff-at-door.jpg\" \/>\n\t<meta property=\"og:image:width\" content=\"1200\" \/>\n\t<meta property=\"og:image:height\" content=\"800\" \/>\n\t<meta property=\"og:image:type\" content=\"image\/jpeg\" \/>\n<meta name=\"twitter:card\" content=\"summary_large_image\" \/>\n<meta name=\"twitter:site\" content=\"@ec_board\" \/>\n<meta name=\"twitter:label1\" content=\"Est. reading time\" \/>\n\t<meta name=\"twitter:data1\" content=\"1 minute\" \/>\n<script type=\"application\/ld+json\" class=\"yoast-schema-graph\">{\"@context\":\"https:\\\/\\\/schema.org\",\"@graph\":[{\"@type\":\"WebPage\",\"@id\":\"https:\\\/\\\/enforcementconductboard.org\\\/complaint-form-page-6\\\/\",\"url\":\"https:\\\/\\\/enforcementconductboard.org\\\/complaint-form-page-6\\\/\",\"name\":\"Complaint form page 6 - enforcementconductboard\",\"isPartOf\":{\"@id\":\"https:\\\/\\\/enforcementconductboard.org\\\/#website\"},\"datePublished\":\"2025-01-02T09:29:58+00:00\",\"dateModified\":\"2025-02-11T08:20:07+00:00\",\"breadcrumb\":{\"@id\":\"https:\\\/\\\/enforcementconductboard.org\\\/complaint-form-page-6\\\/#breadcrumb\"},\"inLanguage\":\"cy\",\"potentialAction\":[{\"@type\":\"ReadAction\",\"target\":[\"https:\\\/\\\/enforcementconductboard.org\\\/complaint-form-page-6\\\/\"]}]},{\"@type\":\"BreadcrumbList\",\"@id\":\"https:\\\/\\\/enforcementconductboard.org\\\/complaint-form-page-6\\\/#breadcrumb\",\"itemListElement\":[{\"@type\":\"ListItem\",\"position\":1,\"name\":\"Home\",\"item\":\"https:\\\/\\\/enforcementconductboard.org\\\/\"},{\"@type\":\"ListItem\",\"position\":2,\"name\":\"Complaint form page 6\"}]},{\"@type\":\"WebSite\",\"@id\":\"https:\\\/\\\/enforcementconductboard.org\\\/#website\",\"url\":\"https:\\\/\\\/enforcementconductboard.org\\\/\",\"name\":\"enforcementconductboard\",\"description\":\"\",\"publisher\":{\"@id\":\"https:\\\/\\\/enforcementconductboard.org\\\/#organization\"},\"potentialAction\":[{\"@type\":\"SearchAction\",\"target\":{\"@type\":\"EntryPoint\",\"urlTemplate\":\"https:\\\/\\\/enforcementconductboard.org\\\/?s={search_term_string}\"},\"query-input\":{\"@type\":\"PropertyValueSpecification\",\"valueRequired\":true,\"valueName\":\"search_term_string\"}}],\"inLanguage\":\"cy\"},{\"@type\":\"Organization\",\"@id\":\"https:\\\/\\\/enforcementconductboard.org\\\/#organization\",\"name\":\"enforcementconductboard\",\"url\":\"https:\\\/\\\/enforcementconductboard.org\\\/\",\"logo\":{\"@type\":\"ImageObject\",\"inLanguage\":\"cy\",\"@id\":\"https:\\\/\\\/enforcementconductboard.org\\\/#\\\/schema\\\/logo\\\/image\\\/\",\"url\":\"https:\\\/\\\/i0.wp.com\\\/enforcementconductboard.org\\\/wp-content\\\/uploads\\\/2022\\\/09\\\/ECB_Col_Logo.png?fit=1370%2C425&ssl=1\",\"contentUrl\":\"https:\\\/\\\/i0.wp.com\\\/enforcementconductboard.org\\\/wp-content\\\/uploads\\\/2022\\\/09\\\/ECB_Col_Logo.png?fit=1370%2C425&ssl=1\",\"width\":1370,\"height\":425,\"caption\":\"enforcementconductboard\"},\"image\":{\"@id\":\"https:\\\/\\\/enforcementconductboard.org\\\/#\\\/schema\\\/logo\\\/image\\\/\"},\"sameAs\":[\"https:\\\/\\\/x.com\\\/ec_board\"]}]}<\/script>\n<!-- \/ Yoast SEO Premium plugin. -->","yoast_head_json":{"title":"Complaint form page 6 - enforcementconductboard","robots":{"index":"index","follow":"follow","max-snippet":"max-snippet:-1","max-image-preview":"max-image-preview:large","max-video-preview":"max-video-preview:-1"},"canonical":"https:\/\/enforcementconductboard.org\/cy\/complaint-form-page-6\/","og_locale":"en_US","og_type":"article","og_title":"Complaint form page 6","og_description":"The enforcement firm\u2019s complaints process. We have published our complaints standards and guidance and we expect enforcement firms to transition to the new complaints standards from April 2025. During the transition period (up to 1 April 2025), enforcement firms may continue to operate their current complaints process and details about that will be available on [&hellip;]","og_url":"https:\/\/enforcementconductboard.org\/cy\/complaint-form-page-6\/","og_site_name":"enforcementconductboard","article_modified_time":"2025-02-11T08:20:07+00:00","og_image":[{"width":1200,"height":800,"url":"https:\/\/enforcementconductboard.org\/wp-content\/uploads\/2022\/10\/Bailiff-at-door.jpg","type":"image\/jpeg"}],"twitter_card":"summary_large_image","twitter_site":"@ec_board","twitter_misc":{"Est. reading time":"1 minute"},"schema":{"@context":"https:\/\/schema.org","@graph":[{"@type":"WebPage","@id":"https:\/\/enforcementconductboard.org\/complaint-form-page-6\/","url":"https:\/\/enforcementconductboard.org\/complaint-form-page-6\/","name":"Complaint form page 6 - enforcementconductboard","isPartOf":{"@id":"https:\/\/enforcementconductboard.org\/#website"},"datePublished":"2025-01-02T09:29:58+00:00","dateModified":"2025-02-11T08:20:07+00:00","breadcrumb":{"@id":"https:\/\/enforcementconductboard.org\/complaint-form-page-6\/#breadcrumb"},"inLanguage":"cy","potentialAction":[{"@type":"ReadAction","target":["https:\/\/enforcementconductboard.org\/complaint-form-page-6\/"]}]},{"@type":"BreadcrumbList","@id":"https:\/\/enforcementconductboard.org\/complaint-form-page-6\/#breadcrumb","itemListElement":[{"@type":"ListItem","position":1,"name":"Home","item":"https:\/\/enforcementconductboard.org\/"},{"@type":"ListItem","position":2,"name":"Complaint form page 6"}]},{"@type":"WebSite","@id":"https:\/\/enforcementconductboard.org\/#website","url":"https:\/\/enforcementconductboard.org\/","name":"bwrdd ymddygiad gorfodi","description":"","publisher":{"@id":"https:\/\/enforcementconductboard.org\/#organization"},"potentialAction":[{"@type":"SearchAction","target":{"@type":"EntryPoint","urlTemplate":"https:\/\/enforcementconductboard.org\/?s={search_term_string}"},"query-input":{"@type":"PropertyValueSpecification","valueRequired":true,"valueName":"search_term_string"}}],"inLanguage":"cy"},{"@type":"Organization","@id":"https:\/\/enforcementconductboard.org\/#organization","name":"bwrdd ymddygiad gorfodi","url":"https:\/\/enforcementconductboard.org\/","logo":{"@type":"ImageObject","inLanguage":"cy","@id":"https:\/\/enforcementconductboard.org\/#\/schema\/logo\/image\/","url":"https:\/\/i0.wp.com\/enforcementconductboard.org\/wp-content\/uploads\/2022\/09\/ECB_Col_Logo.png?fit=1370%2C425&ssl=1","contentUrl":"https:\/\/i0.wp.com\/enforcementconductboard.org\/wp-content\/uploads\/2022\/09\/ECB_Col_Logo.png?fit=1370%2C425&ssl=1","width":1370,"height":425,"caption":"enforcementconductboard"},"image":{"@id":"https:\/\/enforcementconductboard.org\/#\/schema\/logo\/image\/"},"sameAs":["https:\/\/x.com\/ec_board"]}]}},"_links":{"self":[{"href":"https:\/\/enforcementconductboard.org\/cy\/wp-json\/wp\/v2\/pages\/6868","targetHints":{"allow":["GET"]}}],"collection":[{"href":"https:\/\/enforcementconductboard.org\/cy\/wp-json\/wp\/v2\/pages"}],"about":[{"href":"https:\/\/enforcementconductboard.org\/cy\/wp-json\/wp\/v2\/types\/page"}],"author":[{"embeddable":true,"href":"https:\/\/enforcementconductboard.org\/cy\/wp-json\/wp\/v2\/users\/3"}],"replies":[{"embeddable":true,"href":"https:\/\/enforcementconductboard.org\/cy\/wp-json\/wp\/v2\/comments?post=6868"}],"version-history":[{"count":0,"href":"https:\/\/enforcementconductboard.org\/cy\/wp-json\/wp\/v2\/pages\/6868\/revisions"}],"wp:attachment":[{"href":"https:\/\/enforcementconductboard.org\/cy\/wp-json\/wp\/v2\/media?parent=6868"}],"curies":[{"name":"wp","href":"https:\/\/api.w.org\/{rel}","templated":true}]}}